{"id":56,"date":"2019-11-20T18:38:16","date_gmt":"2019-11-20T18:38:16","guid":{"rendered":"https:\/\/matchthemes.com\/demowp\/consultus\/?page_id=56"},"modified":"2024-06-06T00:41:34","modified_gmt":"2024-06-06T00:41:34","slug":"seguros-personales","status":"publish","type":"page","link":"https:\/\/prioritygt.com\/es\/seguros-personales\/","title":{"rendered":"Seguros Personales"},"content":{"rendered":"\t\t<div data-elementor-type=\"wp-page\" data-elementor-id=\"56\" class=\"elementor elementor-56\">\n\t\t\t\t\t\t<section class=\"elementor-section elementor-top-section elementor-element elementor-element-bfbff23 elementor-section-boxed elementor-section-height-default elementor-section-height-default\" data-id=\"bfbff23\" data-element_type=\"section\">\n\t\t\t\t\t\t<div class=\"elementor-container elementor-column-gap-default\">\n\t\t\t\t\t<div class=\"elementor-column elementor-col-100 elementor-top-column elementor-element elementor-element-b1b692b\" data-id=\"b1b692b\" data-element_type=\"column\">\n\t\t\t<div class=\"elementor-widget-wrap elementor-element-populated\">\n\t\t\t\t\t\t<div class=\"elementor-element elementor-element-11ef88b elementor-widget elementor-widget-shortcode\" data-id=\"11ef88b\" data-element_type=\"widget\" data-widget_type=\"shortcode.default\">\n\t\t\t\t<div class=\"elementor-widget-container\">\n\t\t\t\t\t<div class=\"elementor-shortcode\"><div class=\"services-holder services-holder-v1\"><div class=\"row\"><div class=\"col-md-6 col-lg-4 service-v1\"><div class=\"blog-item service-item\"><div class=\"post-image\"><a href=\"https:\/\/prioritygt.com\/es\/services-all\/seguro-de-vida\/\"><img fetchpriority=\"high\" width=\"430\" height=\"550\" src=\"https:\/\/prioritygt.com\/es\/wp-content\/uploads\/2024\/03\/priority-seguro-de-vida-v2.jpg\" class=\"img-fluid wp-post-image\" alt=\"\" decoding=\"async\" srcset=\"https:\/\/prioritygt.com\/es\/wp-content\/uploads\/2024\/03\/priority-seguro-de-vida-v2.jpg 430w, https:\/\/prioritygt.com\/es\/wp-content\/uploads\/2024\/03\/priority-seguro-de-vida-v2-235x300.jpg 235w\" sizes=\"(max-width: 430px) 100vw, 430px\" \/><\/a><\/div><div class=\"post-holder\"><h2 class=\"article-title article-title-small\"><a href=\"https:\/\/prioritygt.com\/es\/services-all\/seguro-de-vida\/\">Seguro de Vida<\/a><\/h2> <div class=\"article-excerpt\">Protege a los beneficiarios del asegurado, les da seguridad econ\u00f3mica, en caso del <\/div><a class=\"read-more\" href=\"https:\/\/prioritygt.com\/es\/services-all\/seguro-de-vida\/\">M\u00e1s Informaci\u00f3n<\/a><\/div><\/div><\/div><div class=\"col-md-6 col-lg-4 service-v1\"><div class=\"blog-item service-item\"><div class=\"post-image\"><a href=\"https:\/\/prioritygt.com\/es\/services-all\/seguro-medico\/\"><img width=\"430\" height=\"550\" src=\"https:\/\/prioritygt.com\/es\/wp-content\/uploads\/2019\/11\/priority-seguro-medico-v.jpg\" class=\"img-fluid wp-post-image\" alt=\"\" decoding=\"async\" srcset=\"https:\/\/prioritygt.com\/es\/wp-content\/uploads\/2019\/11\/priority-seguro-medico-v.jpg 430w, https:\/\/prioritygt.com\/es\/wp-content\/uploads\/2019\/11\/priority-seguro-medico-v-235x300.jpg 235w\" sizes=\"(max-width: 430px) 100vw, 430px\" \/><\/a><\/div><div class=\"post-holder\"><h2 class=\"article-title article-title-small\"><a href=\"https:\/\/prioritygt.com\/es\/services-all\/seguro-medico\/\">Seguro M\u00e9dico<\/a><\/h2> <div class=\"article-excerpt\">Protege al asegurado y dependientes menores dependientes del asegurado. La persona asegurada y <\/div><a class=\"read-more\" href=\"https:\/\/prioritygt.com\/es\/services-all\/seguro-medico\/\">M\u00e1s Informaci\u00f3n<\/a><\/div><\/div><\/div><div class=\"col-md-6 col-lg-4 service-v1\"><div class=\"blog-item service-item\"><div class=\"post-image\"><a href=\"https:\/\/prioritygt.com\/es\/services-all\/seguro-de-vivienda\/\"><img width=\"850\" height=\"550\" src=\"https:\/\/prioritygt.com\/es\/wp-content\/uploads\/2024\/03\/priority-seguro-de-casa.jpg\" class=\"img-fluid wp-post-image\" alt=\"\" decoding=\"async\" srcset=\"https:\/\/prioritygt.com\/es\/wp-content\/uploads\/2024\/03\/priority-seguro-de-casa.jpg 850w, https:\/\/prioritygt.com\/es\/wp-content\/uploads\/2024\/03\/priority-seguro-de-casa-300x194.jpg 300w, https:\/\/prioritygt.com\/es\/wp-content\/uploads\/2024\/03\/priority-seguro-de-casa-768x497.jpg 768w\" sizes=\"(max-width: 850px) 100vw, 850px\" \/><\/a><\/div><div class=\"post-holder\"><h2 class=\"article-title article-title-small\"><a href=\"https:\/\/prioritygt.com\/es\/services-all\/seguro-de-vivienda\/\">Seguro de Vivienda<\/a><\/h2> <div class=\"article-excerpt\">Protegen el patrimonio o negocio del asegurado en caso de desastres naturales como <\/div><a class=\"read-more\" href=\"https:\/\/prioritygt.com\/es\/services-all\/seguro-de-vivienda\/\">M\u00e1s Informaci\u00f3n<\/a><\/div><\/div><\/div><div class=\"col-md-6 col-lg-4 service-v1\"><div class=\"blog-item service-item\"><div class=\"post-image\"><a href=\"https:\/\/prioritygt.com\/es\/services-all\/seguro-de-vehiculo\/\"><img loading=\"lazy\" width=\"850\" height=\"550\" src=\"https:\/\/prioritygt.com\/es\/wp-content\/uploads\/2024\/03\/priority-seguro-de-vehiculos.jpg\" class=\"img-fluid wp-post-image\" alt=\"\" decoding=\"async\" srcset=\"https:\/\/prioritygt.com\/es\/wp-content\/uploads\/2024\/03\/priority-seguro-de-vehiculos.jpg 850w, https:\/\/prioritygt.com\/es\/wp-content\/uploads\/2024\/03\/priority-seguro-de-vehiculos-300x194.jpg 300w, https:\/\/prioritygt.com\/es\/wp-content\/uploads\/2024\/03\/priority-seguro-de-vehiculos-768x497.jpg 768w\" sizes=\"(max-width: 850px) 100vw, 850px\" \/><\/a><\/div><div class=\"post-holder\"><h2 class=\"article-title article-title-small\"><a href=\"https:\/\/prioritygt.com\/es\/services-all\/seguro-de-vehiculo\/\">Seguro de Veh\u00edculo<\/a><\/h2> <div class=\"article-excerpt\">Cubre los da\u00f1os que puedan sufrir los veh\u00edculos y pueden incluir indemnizaciones por <\/div><a class=\"read-more\" href=\"https:\/\/prioritygt.com\/es\/services-all\/seguro-de-vehiculo\/\">M\u00e1s Informaci\u00f3n<\/a><\/div><\/div><\/div><div class=\"col-md-6 col-lg-4 service-v1\"><div class=\"blog-item service-item\"><div class=\"post-image\"><a href=\"https:\/\/prioritygt.com\/es\/services-all\/seguro-de-accidente\/\"><img loading=\"lazy\" width=\"430\" height=\"550\" src=\"https:\/\/prioritygt.com\/es\/wp-content\/uploads\/2024\/03\/priority-seguro-de-accidentes-v.jpg\" class=\"img-fluid wp-post-image\" alt=\"\" decoding=\"async\" srcset=\"https:\/\/prioritygt.com\/es\/wp-content\/uploads\/2024\/03\/priority-seguro-de-accidentes-v.jpg 430w, https:\/\/prioritygt.com\/es\/wp-content\/uploads\/2024\/03\/priority-seguro-de-accidentes-v-235x300.jpg 235w\" sizes=\"(max-width: 430px) 100vw, 430px\" \/><\/a><\/div><div class=\"post-holder\"><h2 class=\"article-title article-title-small\"><a href=\"https:\/\/prioritygt.com\/es\/services-all\/seguro-de-accidente\/\">Seguro de Accidente<\/a><\/h2> <div class=\"article-excerpt\">Este tipo de seguro ofrece una indemnizaci\u00f3n al asegurado si sufre una lesi\u00f3n <\/div><a class=\"read-more\" href=\"https:\/\/prioritygt.com\/es\/services-all\/seguro-de-accidente\/\">M\u00e1s Informaci\u00f3n<\/a><\/div><\/div><\/div><div class=\"col-md-6 col-lg-4 service-v1\"><div class=\"blog-item service-item\"><div class=\"post-image\"><a href=\"https:\/\/prioritygt.com\/es\/services-all\/seguro-empresarial\/\"><img loading=\"lazy\" width=\"850\" height=\"550\" src=\"https:\/\/prioritygt.com\/es\/wp-content\/uploads\/2024\/03\/priority-seguro-empresarial.jpg\" class=\"img-fluid wp-post-image\" alt=\"\" decoding=\"async\" srcset=\"https:\/\/prioritygt.com\/es\/wp-content\/uploads\/2024\/03\/priority-seguro-empresarial.jpg 850w, https:\/\/prioritygt.com\/es\/wp-content\/uploads\/2024\/03\/priority-seguro-empresarial-300x194.jpg 300w, https:\/\/prioritygt.com\/es\/wp-content\/uploads\/2024\/03\/priority-seguro-empresarial-768x497.jpg 768w\" sizes=\"(max-width: 850px) 100vw, 850px\" \/><\/a><\/div><div class=\"post-holder\"><h2 class=\"article-title article-title-small\"><a href=\"https:\/\/prioritygt.com\/es\/services-all\/seguro-empresarial\/\">Seguro Empresarial<\/a><\/h2> <div class=\"article-excerpt\">Seguro de ingenier\u00eda, Seguro de cr\u00e9dito, Seguro de da\u00f1os, Seguros multiriesgo, Seguro de <\/div><a class=\"read-more\" href=\"https:\/\/prioritygt.com\/es\/services-all\/seguro-empresarial\/\">M\u00e1s Informaci\u00f3n<\/a><\/div><\/div><\/div><\/div><\/div><\/div>\n\t\t\t\t<\/div>\n\t\t\t\t<\/div>\n\t\t\t\t\t<\/div>\n\t\t<\/div>\n\t\t\t\t\t<\/div>\n\t\t<\/section>\n\t\t\t\t<\/div>\n\t\t","protected":false},"excerpt":{"rendered":"","protected":false},"author":1,"featured_media":57,"parent":0,"menu_order":0,"comment_status":"closed","ping_status":"closed","template":"templates\/template-fullscreen.php","meta":{"footnotes":""},"_links":{"self":[{"href":"https:\/\/prioritygt.com\/es\/wp-json\/wp\/v2\/pages\/56"}],"collection":[{"href":"https:\/\/prioritygt.com\/es\/wp-json\/wp\/v2\/pages"}],"about":[{"href":"https:\/\/prioritygt.com\/es\/wp-json\/wp\/v2\/types\/page"}],"author":[{"embeddable":true,"href":"https:\/\/prioritygt.com\/es\/wp-json\/wp\/v2\/users\/1"}],"replies":[{"embeddable":true,"href":"https:\/\/prioritygt.com\/es\/wp-json\/wp\/v2\/comments?post=56"}],"version-history":[{"count":1,"href":"https:\/\/prioritygt.com\/es\/wp-json\/wp\/v2\/pages\/56\/revisions"}],"predecessor-version":[{"id":2185,"href":"https:\/\/prioritygt.com\/es\/wp-json\/wp\/v2\/pages\/56\/revisions\/2185"}],"wp:featuredmedia":[{"embeddable":true,"href":"https:\/\/prioritygt.com\/es\/wp-json\/wp\/v2\/media\/57"}],"wp:attachment":[{"href":"https:\/\/prioritygt.com\/es\/wp-json\/wp\/v2\/media?parent=56"}],"curies":[{"name":"wp","href":"https:\/\/api.w.org\/{rel}","templated":true}]}}