{"id":1751,"date":"2023-12-21T17:29:15","date_gmt":"2023-12-21T17:29:15","guid":{"rendered":"https:\/\/consultus.matchthemes.com\/?page_id=2"},"modified":"2024-09-14T00:52:20","modified_gmt":"2024-09-14T00:52:20","slug":"nuestra-prioridad","status":"publish","type":"page","link":"https:\/\/prioritygt.com\/es\/nuestra-prioridad\/","title":{"rendered":"TRANQUILIDAD"},"content":{"rendered":"\t\t<div data-elementor-type=\"wp-page\" data-elementor-id=\"1751\" class=\"elementor elementor-1751\">\n\t\t\t\t<div class=\"elementor-element elementor-element-4cf19ff4 e-flex e-con-boxed e-con e-parent\" data-id=\"4cf19ff4\" data-element_type=\"container\" data-settings=\"{&quot;content_width&quot;:&quot;boxed&quot;}\" data-core-v316-plus=\"true\">\n\t\t\t\t\t<div class=\"e-con-inner\">\n\t\t\t\t<div class=\"elementor-element elementor-element-47848016 elementor-widget elementor-widget-text-editor\" data-id=\"47848016\" data-element_type=\"widget\" data-widget_type=\"text-editor.default\">\n\t\t\t\t<div class=\"elementor-widget-container\">\n\t\t\t<style>\/*! elementor - v3.19.0 - 28-02-2024 *\/\n.elementor-widget-text-editor.elementor-drop-cap-view-stacked .elementor-drop-cap{background-color:#69727d;color:#fff}.elementor-widget-text-editor.elementor-drop-cap-view-framed .elementor-drop-cap{color:#69727d;border:3px solid;background-color:transparent}.elementor-widget-text-editor:not(.elementor-drop-cap-view-default) .elementor-drop-cap{margin-top:8px}.elementor-widget-text-editor:not(.elementor-drop-cap-view-default) .elementor-drop-cap-letter{width:1em;height:1em}.elementor-widget-text-editor .elementor-drop-cap{float:left;text-align:center;line-height:1;font-size:50px}.elementor-widget-text-editor .elementor-drop-cap-letter{display:inline-block}<\/style>\t\t\t\t<!-- wp:paragraph -->\n<p><strong>Tranquilidad<\/strong>\u00a0es un estado que el ser humano consigue estando internamente sereno en un marco apacible. Un entorno tranquilo transmite\u00a0<strong>paz<\/strong>, as\u00ed como estar en\u00a0<a href=\"https:\/\/definicion.de\/armonia\/\">armon\u00eda<\/a>\u00a0con uno mismo y alcanzar un sano\u00a0<strong>equilibrio<\/strong>\u00a0entre mente, cuerpo y esp\u00edritu genera\u00a0<strong><a href=\"https:\/\/definicion.de\/bienestar\/\">bienestar<\/a><\/strong>\u00a0y\u00a0<strong><a href=\"https:\/\/definicion.de\/plenitud\/\">plenitud<\/a><\/strong>.<\/p>\n<!-- \/wp:paragraph --><!-- wp:quote -->\n<blockquote class=\"wp-block-quote\">\n<p>La\u00a0<strong>tranquilidad<\/strong>\u00a0es primordial y beneficiosa en cada etapa de nuestra existencia. Los beb\u00e9s y los ni\u00f1os la necesitan para crecer y desarrollarse con contenci\u00f3n emocional, seguridad y\u00a0<a href=\"https:\/\/definicion.de\/calma\/\">calma<\/a>; a los j\u00f3venes los ayuda a no desbordarse en periodos de crisis en los cuales los atormenta el\u00a0<strong>nerviosismo<\/strong>\u00a0o la\u00a0<strong><a href=\"https:\/\/definicion.de\/ansiedad\/\">ansiedad<\/a><\/strong>\u00a0y a los adultos les permite combatir el\u00a0<strong>estr\u00e9s<\/strong>\u00a0y preservar la\u00a0<strong>salud mental<\/strong>.<\/p>\n<p>Por fortuna existen m\u00faltiples fuentes de\u00a0<strong>tranquilidad<\/strong>, raz\u00f3n por la cual cada sujeto tiene la posibilidad de buscarla y conseguirla de numerosas maneras en funci\u00f3n de sus preferencias, necesidades y estilo de vida.<\/p>\n<\/blockquote>\n<!-- \/wp:quote --><!-- wp:paragraph -->\n<p class=\"p1\">Para muchos la mayor tranquilidad es saber que su familia, sus seres queridos est\u00e1n bien, as\u00ed mismo que sus pertenencias tambi\u00e9n pueda contar con que est\u00e1n a salvo.<\/p>\n<p class=\"p1\">Sin embargo todas las personas son conscientes que en cualquier momento pueden ocurrir eventualidades, tales como accidentes, enfermedades, p\u00e9rdida total o parcial de sus poseciones y en ese caso la tranquilidad se altera, reaccionamos de distintas maneras, algunos con mucha serenidad otras personas no saben manejar de la mejor manera estos acontecimientos y suelen alterarse mucho, se ponen nerviosos, el estr\u00e9s puede llegar a niveles muy altos al punto de poder enfermarse.<span class=\"Apple-converted-space\">\u00a0 <\/span>La tranquilidad en estos momentos de urgencia solamente puede llegar si hay forma de atender la emergencia de forma r\u00e1pida y eficaz, preferiblemente sin caer en costos exageradamente altos.<span class=\"Apple-converted-space\">\u00a0 <\/span>Por todas estas razones se crearon los seguros, que los hay de diferentes tipos.<span class=\"Apple-converted-space\">\u00a0 <\/span>Los seguros permiten que al estar pagando una cuota mensual, se pueda atender las emergencias sin necesidad de contar con altos montos de dinero, adem\u00e1s de muchas otras ventajas preferentes que ofrecen.<\/p>\n<p class=\"p1\">Esta trtanquilidad aumenta cuando la persona cuenta con un buen corredor de seguros que sea no solamente eficiente y r\u00e1pido en la atenci\u00f3n de la gesti\u00f3n de la emergencia sino que sea cap\u00e1z de entender empat\u00eda con la persona que atraviesa por la emergencia.<span class=\"Apple-converted-space\">\u00a0 <\/span>Priority Corredores de seguros, naci\u00f3 con esa premisa y es nuestra mayor prioridad, lograr que usted tenga plena tranquilidad que en un momento de emergencia, podr\u00e1 contar con todo lo que necesita para solventarla, es por eso que nuestro eslogan es:<\/p>\n<p class=\"p1\">\u201cNUESTRA PRIORIDAD ES TU TRANQUILIDAD\u201d<\/p>\n<!-- \/wp:paragraph --><!-- wp:quote -->\n<p>\u00a0<\/p>\n<!-- \/wp:paragraph -->\t\t\t\t\t\t<\/div>\n\t\t\t\t<\/div>\n\t\t\t\t\t<\/div>\n\t\t\t\t<\/div>\n\t\t\t\t<\/div>\n\t\t","protected":false},"excerpt":{"rendered":"<p>Tranquilidad&nbsp;es un estado que el ser humano consigue estando internamente sereno en un marco apacible. Un entorno tranquilo transmite&nbsp;paz, as\u00ed como estar en&nbsp;armon\u00eda&nbsp;con uno mismo y alcanzar un sano&nbsp;equilibrio&nbsp;entre mente, cuerpo y esp\u00edritu genera&nbsp;bienestar&nbsp;y&nbsp;plenitud. La\u00a0tranquilidad\u00a0es primordial y beneficiosa en cada etapa de nuestra existencia. Los beb\u00e9s y los ni\u00f1os la&#8230;<\/p>\n","protected":false},"author":1,"featured_media":2041,"parent":0,"menu_order":0,"comment_status":"closed","ping_status":"closed","template":"","meta":{"footnotes":""},"_links":{"self":[{"href":"https:\/\/prioritygt.com\/es\/wp-json\/wp\/v2\/pages\/1751"}],"collection":[{"href":"https:\/\/prioritygt.com\/es\/wp-json\/wp\/v2\/pages"}],"about":[{"href":"https:\/\/prioritygt.com\/es\/wp-json\/wp\/v2\/types\/page"}],"author":[{"embeddable":true,"href":"https:\/\/prioritygt.com\/es\/wp-json\/wp\/v2\/users\/1"}],"replies":[{"embeddable":true,"href":"https:\/\/prioritygt.com\/es\/wp-json\/wp\/v2\/comments?post=1751"}],"version-history":[{"count":6,"href":"https:\/\/prioritygt.com\/es\/wp-json\/wp\/v2\/pages\/1751\/revisions"}],"predecessor-version":[{"id":2125,"href":"https:\/\/prioritygt.com\/es\/wp-json\/wp\/v2\/pages\/1751\/revisions\/2125"}],"wp:featuredmedia":[{"embeddable":true,"href":"https:\/\/prioritygt.com\/es\/wp-json\/wp\/v2\/media\/2041"}],"wp:attachment":[{"href":"https:\/\/prioritygt.com\/es\/wp-json\/wp\/v2\/media?parent=1751"}],"curies":[{"name":"wp","href":"https:\/\/api.w.org\/{rel}","templated":true}]}}